{"id":1073,"date":"2022-03-16T15:32:47","date_gmt":"2022-03-16T15:32:47","guid":{"rendered":"https:\/\/startertemplatecloud.com\/g41\/?page_id=1073"},"modified":"2025-07-11T00:49:20","modified_gmt":"2025-07-11T00:49:20","slug":"thegreenteam","status":"publish","type":"page","link":"https:\/\/totalenglishinstitute.com\/en\/thegreenteam\/","title":{"rendered":"The Green Team"},"content":{"rendered":"<style>.kb-row-layout-id1073_a69d3c-9c > .kt-row-column-wrap{align-content:start;}:where(.kb-row-layout-id1073_a69d3c-9c > .kt-row-column-wrap) > .wp-block-kadence-column{justify-content:start;}.kb-row-layout-id1073_a69d3c-9c > .kt-row-column-wrap{column-gap:var(--global-kb-gap-md, 2rem);row-gap:var(--global-kb-gap-md, 2rem);max-width:600px;margin-left:auto;margin-right:auto;padding-top:200px;padding-right:0px;padding-bottom:140px;padding-left:0px;grid-template-columns:minmax(0, 1fr);}.kb-row-layout-id1073_a69d3c-9c{background-image:url('https:\/\/totalenglishinstitute.com\/wp-content\/uploads\/2025\/07\/gt2.webp');background-size:cover;background-position:center center;background-attachment:fixed;background-repeat:no-repeat;}.kb-row-layout-id1073_a69d3c-9c > .kt-row-layout-overlay{opacity:0.80;background-color:var(--global-palette9, #ffffff);mix-blend-mode:normal;}@media all and (max-width: 1024px), only screen and (min-device-width: 1024px) and (max-device-width: 1366px) and (-webkit-min-device-pixel-ratio: 2) and (hover: none){.kb-row-layout-id1073_a69d3c-9c{background-attachment:scroll;}}@media all and (max-width: 1024px){.kb-row-layout-id1073_a69d3c-9c > .kt-row-column-wrap{grid-template-columns:minmax(0, 1fr);}}@media all and (max-width: 767px){.kb-row-layout-id1073_a69d3c-9c > .kt-row-column-wrap{padding-top:120px;padding-right:15px;padding-bottom:60px;padding-left:15px;grid-template-columns:minmax(0, 1fr);}}<\/style><div class=\"kb-row-layout-wrap kb-row-layout-id1073_a69d3c-9c alignfull kt-row-has-bg wp-block-kadence-rowlayout\"><div class=\"kt-row-layout-overlay kt-row-overlay-normal\"><\/div><div class=\"kt-row-column-wrap kt-has-1-columns kt-row-layout-equal kt-tab-layout-inherit kt-mobile-layout-row kt-row-valign-top\">\n<style>.kadence-column1073_aa8426-17 > .kt-inside-inner-col{padding-top:10px;padding-right:10px;padding-bottom:10px;padding-left:10px;}.kadence-column1073_aa8426-17 > .kt-inside-inner-col,.kadence-column1073_aa8426-17 > .kt-inside-inner-col:before{border-top-left-radius:0px;border-top-right-radius:0px;border-bottom-right-radius:0px;border-bottom-left-radius:0px;}.kadence-column1073_aa8426-17 > .kt-inside-inner-col{column-gap:var(--global-kb-gap-sm, 1rem);}.kadence-column1073_aa8426-17 > .kt-inside-inner-col{flex-direction:column;}.kadence-column1073_aa8426-17 > .kt-inside-inner-col > .aligncenter{width:100%;}.kadence-column1073_aa8426-17 > .kt-inside-inner-col:before{opacity:0.3;}.kadence-column1073_aa8426-17{position:relative;}@media all and (max-width: 1024px){.kadence-column1073_aa8426-17 > .kt-inside-inner-col{flex-direction:column;justify-content:center;}}@media all and (max-width: 767px){.kadence-column1073_aa8426-17 > .kt-inside-inner-col{flex-direction:column;justify-content:center;}}<\/style>\n<div class=\"wp-block-kadence-column kadence-column1073_aa8426-17 inner-column-1\"><div class=\"kt-inside-inner-col\">\n<figure class=\"wp-block-image size-large\"><img loading=\"lazy\" decoding=\"async\" width=\"1024\" height=\"577\" src=\"https:\/\/totalenglishinstitute.com\/wp-content\/uploads\/2025\/07\/gtlogo-1024x577.webp\" alt=\"Logo de The Green Team\" class=\"wp-image-26\" srcset=\"https:\/\/totalenglishinstitute.com\/wp-content\/uploads\/2025\/07\/gtlogo-1024x577.webp 1024w, https:\/\/totalenglishinstitute.com\/wp-content\/uploads\/2025\/07\/gtlogo-300x169.webp 300w, https:\/\/totalenglishinstitute.com\/wp-content\/uploads\/2025\/07\/gtlogo-768x433.webp 768w, https:\/\/totalenglishinstitute.com\/wp-content\/uploads\/2025\/07\/gtlogo-1536x866.webp 1536w, https:\/\/totalenglishinstitute.com\/wp-content\/uploads\/2025\/07\/gtlogo-2048x1155.webp 2048w\" sizes=\"auto, (max-width: 1024px) 100vw, 1024px\" \/><\/figure>\n<\/div><\/div>\n\n<\/div><\/div>\n\n<style>.kb-row-layout-id1073_94e6df-9e > .kt-row-column-wrap{align-content:start;}:where(.kb-row-layout-id1073_94e6df-9e > .kt-row-column-wrap) > .wp-block-kadence-column{justify-content:start;}.kb-row-layout-id1073_94e6df-9e > .kt-row-column-wrap{column-gap:var(--global-kb-gap-md, 2rem);row-gap:var(--global-kb-gap-md, 2rem);max-width:960px;margin-left:auto;margin-right:auto;padding-top:var(--global-kb-spacing-xl, 4rem);padding-bottom:var(--global-kb-spacing-xl, 4rem);grid-template-columns:minmax(0, 1fr);}.kb-row-layout-id1073_94e6df-9e > .kt-row-layout-overlay{opacity:0.30;}@media all and (max-width: 1024px){.kb-row-layout-id1073_94e6df-9e > .kt-row-column-wrap{grid-template-columns:minmax(0, 1fr);}}@media all and (max-width: 767px){.kb-row-layout-id1073_94e6df-9e > .kt-row-column-wrap{grid-template-columns:minmax(0, 1fr);}}<\/style><div class=\"kb-row-layout-wrap kb-row-layout-id1073_94e6df-9e alignfull has-theme-palette9-background-color kt-row-has-bg wp-block-kadence-rowlayout\"><div class=\"kt-row-column-wrap kt-has-1-columns kt-row-layout-equal kt-tab-layout-inherit kt-mobile-layout-row kt-row-valign-top\">\n<style>.kadence-column1073_7133e8-a5 > .kt-inside-inner-col{display:flex;}.kadence-column1073_7133e8-a5 > .kt-inside-inner-col,.kadence-column1073_7133e8-a5 > .kt-inside-inner-col:before{border-top-left-radius:0px;border-top-right-radius:0px;border-bottom-right-radius:0px;border-bottom-left-radius:0px;}.kadence-column1073_7133e8-a5 > .kt-inside-inner-col{column-gap:var(--global-kb-gap-sm, 1rem);}.kadence-column1073_7133e8-a5 > .kt-inside-inner-col{flex-direction:column;align-items:center;}.kadence-column1073_7133e8-a5 > .kt-inside-inner-col > .kb-image-is-ratio-size{align-self:stretch;}.kadence-column1073_7133e8-a5 > .kt-inside-inner-col > .wp-block-kadence-advancedgallery{align-self:stretch;}.kadence-column1073_7133e8-a5 > .kt-inside-inner-col > .aligncenter{width:100%;}.kadence-column1073_7133e8-a5 > .kt-inside-inner-col:before{opacity:0.3;}.kadence-column1073_7133e8-a5{position:relative;}@media all and (max-width: 1024px){.kadence-column1073_7133e8-a5 > .kt-inside-inner-col{flex-direction:column;justify-content:center;align-items:center;}}@media all and (max-width: 767px){.kadence-column1073_7133e8-a5 > .kt-inside-inner-col{flex-direction:column;justify-content:center;align-items:center;}}<\/style>\n<div class=\"wp-block-kadence-column kadence-column1073_7133e8-a5 inner-column-1\"><div class=\"kt-inside-inner-col\"><style>.wp-block-kadence-advancedheading.kt-adv-heading1073_68412d-35, .wp-block-kadence-advancedheading.kt-adv-heading1073_68412d-35[data-kb-block=\"kb-adv-heading1073_68412d-35\"]{margin-top:0px;margin-bottom:0px;text-align:center;font-size:var(--global-kb-font-size-md, 1.25rem);line-height:1.3;font-weight:600;font-style:normal;font-family:Montserrat;}.wp-block-kadence-advancedheading.kt-adv-heading1073_68412d-35 mark.kt-highlight, .wp-block-kadence-advancedheading.kt-adv-heading1073_68412d-35[data-kb-block=\"kb-adv-heading1073_68412d-35\"] mark.kt-highlight{font-style:normal;color:#f76a0c;-webkit-box-decoration-break:clone;box-decoration-break:clone;padding-top:0px;padding-right:0px;padding-bottom:0px;padding-left:0px;}@media all and (max-width: 1024px){.wp-block-kadence-advancedheading.kt-adv-heading1073_68412d-35, .wp-block-kadence-advancedheading.kt-adv-heading1073_68412d-35[data-kb-block=\"kb-adv-heading1073_68412d-35\"]{font-size:36px;line-height:1.3;}}@media all and (max-width: 767px){.wp-block-kadence-advancedheading.kt-adv-heading1073_68412d-35, .wp-block-kadence-advancedheading.kt-adv-heading1073_68412d-35[data-kb-block=\"kb-adv-heading1073_68412d-35\"]{font-size:28px;line-height:1.3;}}<\/style>\n<p class=\"kt-adv-heading1073_68412d-35 wp-block-kadence-advancedheading has-theme-palette-3-color has-text-color\" data-kb-block=\"kb-adv-heading1073_68412d-35\">The Green Team is an initiative of the institution, comprised of TEI professors and students to promote sports and environmental conservation. Races of 5 to 10 kilometers are held through the tropical forests of the Isthmus region in the city of Santo Domingo Tehuantepec, Oaxaca. These races are held at least once a month and are open to the entire community. These events are attended by local residents and foreigners from Canada, the United States, and Europe.<\/p>\n<\/div><\/div>\n\n<\/div><\/div>\n\n<style>.kb-row-layout-id1073_18f28e-61 > .kt-row-column-wrap{align-content:start;}:where(.kb-row-layout-id1073_18f28e-61 > .kt-row-column-wrap) > .wp-block-kadence-column{justify-content:start;}.kb-row-layout-id1073_18f28e-61 > .kt-row-column-wrap{column-gap:var(--global-kb-gap-lg, 4rem);row-gap:var(--global-kb-gap-lg, 4rem);max-width:var( --global-content-width, 1290px );padding-left:var(--global-content-edge-padding);padding-right:var(--global-content-edge-padding);padding-top:var(--global-kb-spacing-4xl, 8rem);padding-bottom:var(--global-kb-spacing-3xl, 6.5rem);grid-template-columns:minmax(0, calc(40% - ((var(--global-kb-gap-lg, 4rem) * 1 )\/2)))minmax(0, calc(60% - ((var(--global-kb-gap-lg, 4rem) * 1 )\/2)));}.kb-row-layout-id1073_18f28e-61 > .kt-row-layout-overlay{opacity:0.30;}@media all and (max-width: 1024px){.kb-row-layout-id1073_18f28e-61 > .kt-row-column-wrap{padding-top:50px;padding-right:0px;padding-bottom:80px;padding-left:0px;grid-template-columns:minmax(0, 1fr);}}@media all and (max-width: 767px){.kb-row-layout-id1073_18f28e-61 > .kt-row-column-wrap{padding-top:20px;padding-right:0px;padding-bottom:0px;padding-left:0px;grid-template-columns:minmax(0, 1fr);}}<\/style><div class=\"kb-row-layout-wrap kb-row-layout-id1073_18f28e-61 alignfull has-theme-palette9-background-color kt-row-has-bg wp-block-kadence-rowlayout\"><div class=\"kt-row-column-wrap kt-has-2-columns kt-row-layout-equal kt-tab-layout-row kt-mobile-layout-row kt-row-valign-top kb-theme-content-width\">\n<style>.kadence-column1073_63bd13-fd > .kt-inside-inner-col,.kadence-column1073_63bd13-fd > .kt-inside-inner-col:before{border-top-left-radius:0px;border-top-right-radius:0px;border-bottom-right-radius:0px;border-bottom-left-radius:0px;}.kadence-column1073_63bd13-fd > .kt-inside-inner-col{column-gap:var(--global-kb-gap-sm, 1rem);}.kadence-column1073_63bd13-fd > .kt-inside-inner-col{flex-direction:column;}.kadence-column1073_63bd13-fd > .kt-inside-inner-col > .aligncenter{width:100%;}.kadence-column1073_63bd13-fd > .kt-inside-inner-col:before{opacity:0.3;}.kadence-column1073_63bd13-fd{position:relative;}@media all and (max-width: 1024px){.kadence-column1073_63bd13-fd > .kt-inside-inner-col{flex-direction:column;justify-content:center;}}@media all and (max-width: 1024px){.kadence-column1073_63bd13-fd, .kt-inside-inner-col > .kadence-column1073_63bd13-fd:not(.specificity){margin-top:50px;margin-right:0px;margin-bottom:0px;margin-left:0px;}}@media all and (max-width: 767px){.kadence-column1073_63bd13-fd > .kt-inside-inner-col{padding-top:0px;padding-right:20px;padding-bottom:60px;padding-left:20px;flex-direction:column;justify-content:center;}}<\/style>\n<div class=\"wp-block-kadence-column kadence-column1073_63bd13-fd inner-column-2\"><div class=\"kt-inside-inner-col\"><style>.wp-block-kadence-advancedheading.kt-adv-heading1073_bf4402-d2, .wp-block-kadence-advancedheading.kt-adv-heading1073_bf4402-d2[data-kb-block=\"kb-adv-heading1073_bf4402-d2\"]{margin-top:0px;margin-bottom:var(--global-kb-spacing-md, 2rem);font-size:var(--global-kb-font-size-xl, 3rem);line-height:1.2em;font-style:normal;text-transform:uppercase;letter-spacing:0px;}.wp-block-kadence-advancedheading.kt-adv-heading1073_bf4402-d2 mark.kt-highlight, .wp-block-kadence-advancedheading.kt-adv-heading1073_bf4402-d2[data-kb-block=\"kb-adv-heading1073_bf4402-d2\"] mark.kt-highlight{font-style:normal;color:#f76a0c;-webkit-box-decoration-break:clone;box-decoration-break:clone;padding-top:0px;padding-right:0px;padding-bottom:0px;padding-left:0px;}@media all and (max-width: 1024px){.wp-block-kadence-advancedheading.kt-adv-heading1073_bf4402-d2, .wp-block-kadence-advancedheading.kt-adv-heading1073_bf4402-d2[data-kb-block=\"kb-adv-heading1073_bf4402-d2\"]{font-size:var(--global-kb-font-size-xxl, 4rem);line-height:1em;text-align:center!important;}}@media all and (max-width: 767px){.wp-block-kadence-advancedheading.kt-adv-heading1073_bf4402-d2, .wp-block-kadence-advancedheading.kt-adv-heading1073_bf4402-d2[data-kb-block=\"kb-adv-heading1073_bf4402-d2\"]{font-size:var(--global-kb-font-size-xl, 3rem);line-height:1em;}}<\/style>\n<h2 class=\"kt-adv-heading1073_bf4402-d2 wp-block-kadence-advancedheading has-theme-palette-3-color has-text-color\" data-kb-block=\"kb-adv-heading1073_bf4402-d2\">come and run with us!<\/h2>\n\n\n<style>.kadence-column1073_c1c5dc-f9 > .kt-inside-inner-col{padding-top:30px;padding-right:0px;padding-bottom:0px;padding-left:0px;}.kadence-column1073_c1c5dc-f9 > .kt-inside-inner-col,.kadence-column1073_c1c5dc-f9 > .kt-inside-inner-col:before{border-top-left-radius:0px;border-top-right-radius:0px;border-bottom-right-radius:0px;border-bottom-left-radius:0px;}.kadence-column1073_c1c5dc-f9 > .kt-inside-inner-col{column-gap:var(--global-kb-gap-sm, 1rem);}.kadence-column1073_c1c5dc-f9 > .kt-inside-inner-col{flex-direction:column;}.kadence-column1073_c1c5dc-f9 > .kt-inside-inner-col > .aligncenter{width:100%;}.kadence-column1073_c1c5dc-f9 > .kt-inside-inner-col:before{opacity:0.3;}.kadence-column1073_c1c5dc-f9{position:relative;}@media all and (max-width: 1024px){.kadence-column1073_c1c5dc-f9 > .kt-inside-inner-col{padding-top:var(--global-kb-spacing-md, 2rem);padding-right:var(--global-kb-spacing-md, 2rem);padding-bottom:var(--global-kb-spacing-md, 2rem);padding-left:var(--global-kb-spacing-md, 2rem);flex-direction:column;justify-content:center;}}@media all and (max-width: 767px){.kadence-column1073_c1c5dc-f9 > .kt-inside-inner-col{padding-top:0px;padding-right:0px;padding-bottom:0px;padding-left:0px;flex-direction:column;justify-content:center;}.kadence-column1073_c1c5dc-f9, .kt-inside-inner-col > .kadence-column1073_c1c5dc-f9:not(.specificity){margin-top:var(--global-kb-spacing-3xl, 6.5rem);}}<\/style>\n<div class=\"wp-block-kadence-column kadence-column1073_c1c5dc-f9 inner-column-1\"><div class=\"kt-inside-inner-col\"><style>.wp-block-kadence-image.kb-image1073_5cccce-cb:not(.kb-specificity-added):not(.kb-extra-specificity-added){margin-top:0px;margin-right:-70px;margin-bottom:0px;}.wp-block-kadence-image.kb-image1073_5cccce-cb{position:relative;z-index:3;}.kb-image1073_5cccce-cb .kb-image-has-overlay:after{opacity:0.3;}.kb-image1073_5cccce-cb img.kb-img, .kb-image1073_5cccce-cb .kb-img img{border-top:10px solid var(--global-palette9, #ffffff);border-right:10px solid var(--global-palette9, #ffffff);border-bottom:10px solid var(--global-palette9, #ffffff);border-left:10px solid var(--global-palette9, #ffffff);}@media all and (max-width: 1024px){.wp-block-kadence-image.kb-image1073_5cccce-cb:not(.kb-specificity-added):not(.kb-extra-specificity-added){margin-top:-50px;margin-right:0px;margin-bottom:0px;margin-left:0px;}}@media all and (max-width: 1024px){.kb-image1073_5cccce-cb:not(.kb-image-is-ratio-size) .kb-img, .kb-image1073_5cccce-cb.kb-image-is-ratio-size{padding-bottom:0px;}}@media all and (max-width: 1024px){.kb-image1073_5cccce-cb img.kb-img, .kb-image1073_5cccce-cb .kb-img img{border-top:10px solid var(--global-palette9, #ffffff);border-right:10px solid var(--global-palette9, #ffffff);border-bottom:10px solid var(--global-palette9, #ffffff);border-left:10px solid var(--global-palette9, #ffffff);}}@media all and (max-width: 767px){.wp-block-kadence-image.kb-image1073_5cccce-cb:not(.kb-specificity-added):not(.kb-extra-specificity-added){margin-right:0px;margin-left:0px;}.kb-image1073_5cccce-cb img.kb-img, .kb-image1073_5cccce-cb .kb-img img{border-top:10px solid var(--global-palette9, #ffffff);border-right:10px solid var(--global-palette9, #ffffff);border-bottom:10px solid var(--global-palette9, #ffffff);border-left:10px solid var(--global-palette9, #ffffff);}}<\/style>\n<figure class=\"wp-block-kadence-image kb-image1073_5cccce-cb size-large kb-image-is-ratio-size\"><div class=\"kb-is-ratio-image kb-image-ratio-land43\"><img loading=\"lazy\" decoding=\"async\" width=\"1024\" height=\"768\" src=\"https:\/\/totalenglishinstitute.com\/wp-content\/uploads\/2025\/07\/gt4-1024x768.webp\" alt=\"The Green Team en la cima\" class=\"kb-img wp-image-24\" srcset=\"https:\/\/totalenglishinstitute.com\/wp-content\/uploads\/2025\/07\/gt4-1024x768.webp 1024w, https:\/\/totalenglishinstitute.com\/wp-content\/uploads\/2025\/07\/gt4-300x225.webp 300w, https:\/\/totalenglishinstitute.com\/wp-content\/uploads\/2025\/07\/gt4-768x576.webp 768w, https:\/\/totalenglishinstitute.com\/wp-content\/uploads\/2025\/07\/gt4.webp 1280w\" sizes=\"auto, (max-width: 1024px) 100vw, 1024px\" \/><\/div><\/figure>\n\n\n<style>.wp-block-kadence-image.kb-image1073_56380c-7a:not(.kb-specificity-added):not(.kb-extra-specificity-added){margin-top:-100px;margin-bottom:0px;margin-left:40px;}.wp-block-kadence-image.kb-image1073_56380c-7a{position:relative;z-index:3;}.kb-image1073_56380c-7a.kb-image-is-ratio-size, .kb-image1073_56380c-7a .kb-image-is-ratio-size{max-width:266px;width:100%;}.wp-block-kadence-column > .kt-inside-inner-col > .kb-image1073_56380c-7a.kb-image-is-ratio-size, .wp-block-kadence-column > .kt-inside-inner-col > .kb-image1073_56380c-7a .kb-image-is-ratio-size{align-self:unset;}.kb-image1073_56380c-7a{max-width:266px;}.image-is-svg.kb-image1073_56380c-7a{-webkit-flex:0 1 100%;flex:0 1 100%;}.image-is-svg.kb-image1073_56380c-7a img{width:100%;}.kb-image1073_56380c-7a .kb-image-has-overlay:after{opacity:0.3;}.kb-image1073_56380c-7a img.kb-img, .kb-image1073_56380c-7a .kb-img img{border-top:10px solid var(--global-palette9, #ffffff);border-right:10px solid var(--global-palette9, #ffffff);border-bottom:10px solid var(--global-palette9, #ffffff);border-left:10px solid var(--global-palette9, #ffffff);}@media all and (max-width: 1024px){.wp-block-kadence-image.kb-image1073_56380c-7a:not(.kb-specificity-added):not(.kb-extra-specificity-added){margin-top:-50px;margin-bottom:0px;margin-left:40px;}}@media all and (max-width: 1024px){.kb-image1073_56380c-7a:not(.kb-image-is-ratio-size) .kb-img, .kb-image1073_56380c-7a.kb-image-is-ratio-size{padding-bottom:0px;}}@media all and (max-width: 1024px){.kb-image1073_56380c-7a img.kb-img, .kb-image1073_56380c-7a .kb-img img{border-top:10px solid var(--global-palette9, #ffffff);border-right:10px solid var(--global-palette9, #ffffff);border-bottom:10px solid var(--global-palette9, #ffffff);border-left:10px solid var(--global-palette9, #ffffff);}}@media all and (max-width: 767px){.wp-block-kadence-image.kb-image1073_56380c-7a:not(.kb-specificity-added):not(.kb-extra-specificity-added){margin-left:40px;}.kb-image1073_56380c-7a img.kb-img, .kb-image1073_56380c-7a .kb-img img{border-top:10px solid var(--global-palette9, #ffffff);border-right:10px solid var(--global-palette9, #ffffff);border-bottom:10px solid var(--global-palette9, #ffffff);border-left:10px solid var(--global-palette9, #ffffff);}}<\/style>\n<figure class=\"wp-block-kadence-image kb-image1073_56380c-7a size-large kb-image-is-ratio-size\"><div class=\"kb-is-ratio-image kb-image-ratio-square\"><img loading=\"lazy\" decoding=\"async\" width=\"1024\" height=\"768\" src=\"https:\/\/totalenglishinstitute.com\/wp-content\/uploads\/2025\/07\/gt1-1024x768.webp\" alt=\"Haciendo amigos en The Green Team\" class=\"kb-img wp-image-21\" srcset=\"https:\/\/totalenglishinstitute.com\/wp-content\/uploads\/2025\/07\/gt1-1024x768.webp 1024w, https:\/\/totalenglishinstitute.com\/wp-content\/uploads\/2025\/07\/gt1-300x225.webp 300w, https:\/\/totalenglishinstitute.com\/wp-content\/uploads\/2025\/07\/gt1-768x576.webp 768w, https:\/\/totalenglishinstitute.com\/wp-content\/uploads\/2025\/07\/gt1.webp 1280w\" sizes=\"auto, (max-width: 1024px) 100vw, 1024px\" \/><\/div><\/figure>\n<\/div><\/div>\n<\/div><\/div>\n\n\n<style>.kadence-column1073_696d41-0b > .kt-inside-inner-col{padding-top:100px;padding-right:0px;padding-bottom:0px;padding-left:0px;}.kadence-column1073_696d41-0b > .kt-inside-inner-col,.kadence-column1073_696d41-0b > .kt-inside-inner-col:before{border-top-left-radius:0px;border-top-right-radius:0px;border-bottom-right-radius:0px;border-bottom-left-radius:0px;}.kadence-column1073_696d41-0b > .kt-inside-inner-col{column-gap:var(--global-kb-gap-sm, 1rem);}.kadence-column1073_696d41-0b > .kt-inside-inner-col{flex-direction:column;}.kadence-column1073_696d41-0b > .kt-inside-inner-col > .aligncenter{width:100%;}.kadence-column1073_696d41-0b > .kt-inside-inner-col:before{opacity:0.3;}.kadence-column1073_696d41-0b{position:relative;}@media all and (max-width: 1024px){.kadence-column1073_696d41-0b > .kt-inside-inner-col{padding-top:var(--global-kb-spacing-md, 2rem);padding-right:var(--global-kb-spacing-md, 2rem);padding-bottom:var(--global-kb-spacing-md, 2rem);padding-left:var(--global-kb-spacing-md, 2rem);flex-direction:column;justify-content:center;}}@media all and (max-width: 1024px){.kadence-column1073_696d41-0b, .kt-inside-inner-col > .kadence-column1073_696d41-0b:not(.specificity){margin-top:-60px;}}@media all and (max-width: 767px){.kadence-column1073_696d41-0b > .kt-inside-inner-col{padding-top:0px;padding-right:0px;padding-bottom:0px;padding-left:0px;flex-direction:column;justify-content:center;}}<\/style>\n<div class=\"wp-block-kadence-column kadence-column1073_696d41-0b inner-column-1\"><div class=\"kt-inside-inner-col\"><style>.wp-block-kadence-image.kb-image1073_6c32c1-3b:not(.kb-specificity-added):not(.kb-extra-specificity-added) > figure{margin-top:-130px;margin-right:40px;margin-bottom:0px;}.wp-block-kadence-image.kb-image1073_6c32c1-3b{position:relative;z-index:3;}.kb-image1073_6c32c1-3b.kb-image-is-ratio-size, .kb-image1073_6c32c1-3b .kb-image-is-ratio-size{max-width:273px;width:100%;}.wp-block-kadence-column > .kt-inside-inner-col > .kb-image1073_6c32c1-3b.kb-image-is-ratio-size, .wp-block-kadence-column > .kt-inside-inner-col > .kb-image1073_6c32c1-3b .kb-image-is-ratio-size{align-self:unset;}.kb-image1073_6c32c1-3b figure{max-width:273px;}.kb-image1073_6c32c1-3b .image-is-svg, .kb-image1073_6c32c1-3b .image-is-svg img{width:100%;}.kb-image1073_6c32c1-3b .kb-image-has-overlay:after{opacity:0.3;}.kb-image1073_6c32c1-3b img.kb-img, .kb-image1073_6c32c1-3b .kb-img img{border-top:10px solid var(--global-palette9, #ffffff);border-right:10px solid var(--global-palette9, #ffffff);border-bottom:10px solid var(--global-palette9, #ffffff);border-left:10px solid var(--global-palette9, #ffffff);}@media all and (max-width: 1024px){.kb-image1073_6c32c1-3b img.kb-img, .kb-image1073_6c32c1-3b .kb-img img{border-top:10px solid var(--global-palette9, #ffffff);border-right:10px solid var(--global-palette9, #ffffff);border-bottom:10px solid var(--global-palette9, #ffffff);border-left:10px solid var(--global-palette9, #ffffff);}}@media all and (max-width: 767px){.kb-image1073_6c32c1-3b img.kb-img, .kb-image1073_6c32c1-3b .kb-img img{border-top:10px solid var(--global-palette9, #ffffff);border-right:10px solid var(--global-palette9, #ffffff);border-bottom:10px solid var(--global-palette9, #ffffff);border-left:10px solid var(--global-palette9, #ffffff);}}<\/style>\n<div class=\"wp-block-kadence-image kb-image1073_6c32c1-3b\"><figure class=\"alignright size-large kb-image-is-ratio-size\"><div class=\"kb-is-ratio-image kb-image-ratio-square\"><img loading=\"lazy\" decoding=\"async\" width=\"1024\" height=\"768\" src=\"https:\/\/totalenglishinstitute.com\/wp-content\/uploads\/2025\/07\/gt3-1024x768.webp\" alt=\"The Green Team haciendo calentamiento\" class=\"kb-img wp-image-23\" srcset=\"https:\/\/totalenglishinstitute.com\/wp-content\/uploads\/2025\/07\/gt3-1024x768.webp 1024w, https:\/\/totalenglishinstitute.com\/wp-content\/uploads\/2025\/07\/gt3-300x225.webp 300w, https:\/\/totalenglishinstitute.com\/wp-content\/uploads\/2025\/07\/gt3-768x576.webp 768w, https:\/\/totalenglishinstitute.com\/wp-content\/uploads\/2025\/07\/gt3.webp 1280w\" sizes=\"auto, (max-width: 1024px) 100vw, 1024px\" \/><\/div><\/figure><\/div>\n\n\n<style>.wp-block-kadence-image.kb-image1073_91a2d5-03:not(.kb-specificity-added):not(.kb-extra-specificity-added){margin-bottom:0px;}.kb-image1073_91a2d5-03:not(.kb-image-is-ratio-size) .kb-img, .kb-image1073_91a2d5-03.kb-image-is-ratio-size{padding-left:50px;}.kb-image1073_91a2d5-03 .kb-image-has-overlay:after{opacity:0.3;}@media all and (max-width: 1024px){.kb-image1073_91a2d5-03:not(.kb-image-is-ratio-size) .kb-img, .kb-image1073_91a2d5-03.kb-image-is-ratio-size{padding-left:0px;}}@media all and (max-width: 767px){.wp-block-kadence-image.kb-image1073_91a2d5-03:not(.kb-specificity-added):not(.kb-extra-specificity-added){margin-top:var(--global-kb-spacing-5xl, 10rem);}}<\/style>\n<figure class=\"wp-block-kadence-image kb-image1073_91a2d5-03 size-large kb-image-is-ratio-size\"><div class=\"kb-is-ratio-image kb-image-ratio-land43\"><img loading=\"lazy\" decoding=\"async\" width=\"1024\" height=\"768\" src=\"https:\/\/totalenglishinstitute.com\/wp-content\/uploads\/2025\/07\/gt2-1024x768.webp\" alt=\"Foto grupal de The Green Team\" class=\"kb-img wp-image-22\" srcset=\"https:\/\/totalenglishinstitute.com\/wp-content\/uploads\/2025\/07\/gt2-1024x768.webp 1024w, https:\/\/totalenglishinstitute.com\/wp-content\/uploads\/2025\/07\/gt2-300x225.webp 300w, https:\/\/totalenglishinstitute.com\/wp-content\/uploads\/2025\/07\/gt2-768x576.webp 768w, https:\/\/totalenglishinstitute.com\/wp-content\/uploads\/2025\/07\/gt2.webp 1280w\" sizes=\"auto, (max-width: 1024px) 100vw, 1024px\" \/><\/div><\/figure>\n<\/div><\/div>\n\n<\/div><\/div>","protected":false},"excerpt":{"rendered":"<p>The Green Team es una iniciativa de la instituci\u00f3n, compuesta por profesores y estudiantes del TEI, para promover el deporte y la conservaci\u00f3n del medio ambiente. Se realizan carreras de 5 a 10 kil\u00f3metros por los bosques tropicales de la regi\u00f3n del Istmo en la ciudad de Santo Domingo Tehuantepec, Oaxaca. Estas carreras se hacen&#8230;<\/p>","protected":false},"author":1,"featured_media":1203,"parent":0,"menu_order":0,"comment_status":"closed","ping_status":"closed","template":"","meta":{"_kadence_starter_templates_imported_post":true,"_kad_post_transparent":"","_kad_post_title":"","_kad_post_layout":"","_kad_post_sidebar_id":"","_kad_post_content_style":"","_kad_post_vertical_padding":"","_kad_post_feature":"","_kad_post_feature_position":"","_kad_post_header":false,"_kad_post_footer":false,"footnotes":""},"class_list":["post-1073","page","type-page","status-publish","has-post-thumbnail","hentry"],"_links":{"self":[{"href":"https:\/\/totalenglishinstitute.com\/en\/wp-json\/wp\/v2\/pages\/1073","targetHints":{"allow":["GET"]}}],"collection":[{"href":"https:\/\/totalenglishinstitute.com\/en\/wp-json\/wp\/v2\/pages"}],"about":[{"href":"https:\/\/totalenglishinstitute.com\/en\/wp-json\/wp\/v2\/types\/page"}],"author":[{"embeddable":true,"href":"https:\/\/totalenglishinstitute.com\/en\/wp-json\/wp\/v2\/users\/1"}],"replies":[{"embeddable":true,"href":"https:\/\/totalenglishinstitute.com\/en\/wp-json\/wp\/v2\/comments?post=1073"}],"version-history":[{"count":18,"href":"https:\/\/totalenglishinstitute.com\/en\/wp-json\/wp\/v2\/pages\/1073\/revisions"}],"predecessor-version":[{"id":1305,"href":"https:\/\/totalenglishinstitute.com\/en\/wp-json\/wp\/v2\/pages\/1073\/revisions\/1305"}],"wp:featuredmedia":[{"embeddable":true,"href":"https:\/\/totalenglishinstitute.com\/en\/wp-json\/wp\/v2\/media\/1203"}],"wp:attachment":[{"href":"https:\/\/totalenglishinstitute.com\/en\/wp-json\/wp\/v2\/media?parent=1073"}],"curies":[{"name":"wp","href":"https:\/\/api.w.org\/{rel}","templated":true}]}}